{"id":1150,"date":"2016-04-22T08:09:55","date_gmt":"2016-04-22T06:09:55","guid":{"rendered":"http:\/\/pk-legal.pl\/?page_id=1150"},"modified":"2020-05-19T22:53:12","modified_gmt":"2020-05-19T20:53:12","slug":"strona-glowna","status":"publish","type":"page","link":"http:\/\/pk-legal.pl\/en\/","title":{"rendered":"Radca prawny Szczecin"},"content":{"rendered":"<p>Radca prawny jest jednym z zawod\u00f3w zaufania publicznego. Wykonywanie tego zawodu polega na \u015bwiadczeniu pomocy prawnej, w szczeg\u00f3lno\u015bci na udzielaniu porad i konsultacji prawnych, sporz\u0105dzaniu opinii prawnych, opracowywaniu projekt\u00f3w akt\u00f3w prawnych oraz wyst\u0119powaniu przed urz\u0119dami i s\u0105dami w charakterze pe\u0142nomocnika lub obro\u0144cy.<\/p>\n<p>Radcowie prawni maj\u0105 takie same uprawnienia jak adwokaci, jednak\u017ce je\u017celi pozostaj\u0105 oni w stosunku pracy to wy\u0142\u0105czona jest mo\u017cliwo\u015b\u0107 wyst\u0119powania przez radc\u0119 prawnego w charakterze obro\u0144cy w sprawach o przest\u0119pstwa i przest\u0119pstwa skarbowe.<\/p>\n<p>Radca prawny powinien wykonywa\u0107 sw\u00f3j zaw\u00f3d ze staranno\u015bci\u0105 wynikaj\u0105c\u0105 z wiedzy prawniczej oraz zasad etyki radcy prawnego, post\u0119puj\u0105c godnie, uczciwie i sprawiedliwie. Jest zobowi\u0105zany zachowa\u0107 w tajemnicy wszystko, o czym dowiedzia\u0142 si\u0119 w zwi\u0105zku ze \u015bwiadczeniem pomocy prawnej.<\/p>\n","protected":false},"excerpt":{"rendered":"<p>Radca prawny jest jednym z zawod\u00f3w zaufania publicznego. Wykonywanie tego zawodu polega na \u015bwiadczeniu pomocy prawnej, w szczeg\u00f3lno\u015bci na udzielaniu porad i konsultacji prawnych, sporz\u0105dzaniu opinii prawnych, opracowywaniu projekt\u00f3w akt\u00f3w prawnych oraz wyst\u0119powaniu przed urz\u0119dami i s\u0105dami w charakterze pe\u0142nomocnika lub obro\u0144cy. Radcowie prawni maj\u0105 takie same uprawnienia jak adwokaci, jednak\u017ce je\u017celi pozostaj\u0105 oni w [&hellip;]<\/p>\n","protected":false},"author":1,"featured_media":0,"parent":0,"menu_order":0,"comment_status":"closed","ping_status":"closed","template":"home-with-content.php","meta":[],"_links":{"self":[{"href":"http:\/\/pk-legal.pl\/en\/wp-json\/wp\/v2\/pages\/1150"}],"collection":[{"href":"http:\/\/pk-legal.pl\/en\/wp-json\/wp\/v2\/pages"}],"about":[{"href":"http:\/\/pk-legal.pl\/en\/wp-json\/wp\/v2\/types\/page"}],"author":[{"embeddable":true,"href":"http:\/\/pk-legal.pl\/en\/wp-json\/wp\/v2\/users\/1"}],"replies":[{"embeddable":true,"href":"http:\/\/pk-legal.pl\/en\/wp-json\/wp\/v2\/comments?post=1150"}],"version-history":[{"count":3,"href":"http:\/\/pk-legal.pl\/en\/wp-json\/wp\/v2\/pages\/1150\/revisions"}],"predecessor-version":[{"id":1153,"href":"http:\/\/pk-legal.pl\/en\/wp-json\/wp\/v2\/pages\/1150\/revisions\/1153"}],"wp:attachment":[{"href":"http:\/\/pk-legal.pl\/en\/wp-json\/wp\/v2\/media?parent=1150"}],"curies":[{"name":"wp","href":"https:\/\/api.w.org\/{rel}","templated":true}]}}