{"id":1156,"date":"2016-04-22T08:56:00","date_gmt":"2016-04-22T06:56:00","guid":{"rendered":"http:\/\/pk-legal.pl\/?page_id=1156"},"modified":"2016-04-22T09:06:16","modified_gmt":"2016-04-22T07:06:16","slug":"radca-prawny-szczecin","status":"publish","type":"page","link":"http:\/\/pk-legal.pl\/en\/radca-prawny-szczecin\/","title":{"rendered":"Radca prawny Szczecin"},"content":{"rendered":"<p>Radca prawny jest jednym z\u00a0zawod\u00f3w zaufania publicznego. Wykonywanie tego zawodu polega na\u00a0\u015bwiadczeniu pomocy prawnej, w\u00a0szczeg\u00f3lno\u015bci na\u00a0udzielaniu porad i\u00a0konsultacji prawnych, sporz\u0105dzaniu opinii prawnych, opracowywaniu projekt\u00f3w akt\u00f3w prawnych oraz\u00a0wyst\u0119powaniu przed\u00a0urz\u0119dami i\u00a0s\u0105dami w\u00a0charakterze pe\u0142nomocnika lub obro\u0144cy.<\/p>\n<p>Radcowie prawni maj\u0105 takie same uprawnienia jak adwokaci, jednak\u017ce je\u017celi pozostaj\u0105 oni w\u00a0stosunku pracy to\u00a0wy\u0142\u0105czona jest mo\u017cliwo\u015b\u0107 wyst\u0119powania przez radc\u0119 prawnego w\u00a0charakterze obro\u0144cy w\u00a0sprawach o\u00a0przest\u0119pstwa i\u00a0przest\u0119pstwa skarbowe.<\/p>\n<p>Radca prawny powinien wykonywa\u0107 sw\u00f3j zaw\u00f3d ze\u00a0staranno\u015bci\u0105 wynikaj\u0105c\u0105 z\u00a0wiedzy prawniczej oraz\u00a0zasad etyki radcy prawnego, post\u0119puj\u0105c godnie, uczciwie i\u00a0sprawiedliwie. Jest zobowi\u0105zany zachowa\u0107 w\u00a0tajemnicy wszystko, o\u00a0czym dowiedzia\u0142 si\u0119 w\u00a0zwi\u0105zku ze\u00a0\u015bwiadczeniem pomocy prawnej.<\/p>\n<p>&nbsp;<\/p>\n<p align=\"JUSTIFY\"><strong>Kancelaria PK-Legal istnieje od kilkunastu lat na\u00a0szczeci\u0144skim rynku prawniczym.\u00a0<\/strong>W\u00a0naszej codziennej pracy k\u0142adziemy szczeg\u00f3lny nacisk na\u00a0budowanie partnerskich relacji z\u00a0naszymi kontrahentami opartych na\u00a0wzajemnym zaufaniu. Dzia\u0142alno\u015b\u0107 Kancelarii \u0142\u0105czy w\u00a0sobie zar\u00f3wno do\u015bwiadczenie, jak i\u00a0dynamizm oraz\u00a0innowacyjno\u015b\u0107 m\u0142odego pokolenia prawnik\u00f3w.<\/p>\n<p>Wszechstronna i\u00a0efektywna obs\u0142uga prawna firm jest mo\u017cliwa dzi\u0119ki kompetencjom i\u00a0do\u015bwiadczeniu zespo\u0142u Kancelarii \u2013 os\u00f3b kt\u00f3re od\u00a0wielu lat \u015bwiadcz\u0105 us\u0142ugi prawne dla biznesu i\u00a0dobrze rozumiej\u0105 spos\u00f3b funkcjonowania firm oraz\u00a0ich potrzeby. Posiadaj\u0105c odpowiednie mo\u017cliwo\u015bci Kancelaria ch\u0119tnie podejmuje si\u0119 spraw nietypowych, wymagaj\u0105cych autorskich rozwi\u0105za\u0144 i\u00a0specjalistycznej wiedzy.<\/p>\n<p>Wielu z\u00a0obs\u0142ugiwanych przez nas przedsi\u0119biorcom towarzyszymy od\u00a0pocz\u0105tku ich dzia\u0142alno\u015bci. Naszym przywilejem jest wsp\u00f3\u0142praca zar\u00f3wno z\u00a0polskimi firmami jak i\u00a0mi\u0119dzynarodowymi korporacjami dzia\u0142aj\u0105cymi m.in.\u00a0w\u00a0bran\u017cy chemicznej, spo\u017cywczej, przemys\u0142u drzewnego oraz\u00a0produkcji opakowa\u0144.<\/p>","protected":false},"excerpt":{"rendered":"<p>Radca prawny jest jednym z\u00a0zawod\u00f3w zaufania publicznego. Wykonywanie tego zawodu polega na\u00a0\u015bwiadczeniu pomocy prawnej, w\u00a0szczeg\u00f3lno\u015bci na\u00a0udzielaniu porad i\u00a0konsultacji prawnych, sporz\u0105dzaniu opinii prawnych, opracowywaniu projekt\u00f3w akt\u00f3w prawnych oraz\u00a0wyst\u0119powaniu przed\u00a0urz\u0119dami i\u00a0s\u0105dami w\u00a0charakterze pe\u0142nomocnika lub obro\u0144cy. Radcowie prawni maj\u0105 takie same uprawnienia jak adwokaci, jednak\u017ce je\u017celi pozostaj\u0105 oni w\u00a0stosunku pracy to\u00a0wy\u0142\u0105czona jest mo\u017cliwo\u015b\u0107 wyst\u0119powania przez radc\u0119 prawnego w\u00a0charakterze [&hellip;]<\/p>\n","protected":false},"author":1,"featured_media":0,"parent":0,"menu_order":0,"comment_status":"closed","ping_status":"closed","template":"","meta":[],"_links":{"self":[{"href":"http:\/\/pk-legal.pl\/en\/wp-json\/wp\/v2\/pages\/1156"}],"collection":[{"href":"http:\/\/pk-legal.pl\/en\/wp-json\/wp\/v2\/pages"}],"about":[{"href":"http:\/\/pk-legal.pl\/en\/wp-json\/wp\/v2\/types\/page"}],"author":[{"embeddable":true,"href":"http:\/\/pk-legal.pl\/en\/wp-json\/wp\/v2\/users\/1"}],"replies":[{"embeddable":true,"href":"http:\/\/pk-legal.pl\/en\/wp-json\/wp\/v2\/comments?post=1156"}],"version-history":[{"count":4,"href":"http:\/\/pk-legal.pl\/en\/wp-json\/wp\/v2\/pages\/1156\/revisions"}],"predecessor-version":[{"id":1160,"href":"http:\/\/pk-legal.pl\/en\/wp-json\/wp\/v2\/pages\/1156\/revisions\/1160"}],"wp:attachment":[{"href":"http:\/\/pk-legal.pl\/en\/wp-json\/wp\/v2\/media?parent=1156"}],"curies":[{"name":"wp","href":"https:\/\/api.w.org\/{rel}","templated":true}]}}