{"id":1283,"date":"2020-06-12T18:27:13","date_gmt":"2020-06-12T16:27:13","guid":{"rendered":"http:\/\/pk-legal.pl\/?page_id=1283"},"modified":"2022-03-01T13:48:20","modified_gmt":"2022-03-01T12:48:20","slug":"kredyty-frankowe","status":"publish","type":"page","link":"http:\/\/pk-legal.pl\/en\/kredyty-frankowe\/","title":{"rendered":"Kredyty frankowe"},"content":{"rendered":"\t\t<div data-elementor-type=\"wp-page\" data-elementor-id=\"1283\" class=\"elementor elementor-1283\" data-elementor-settings=\"[]\">\n\t\t\t\t\t\t\t<div class=\"elementor-section-wrap\">\n\t\t\t\t\t\t\t<section class=\"elementor-section elementor-top-section elementor-element elementor-element-0c595a3 elementor-section-boxed elementor-section-height-default elementor-section-height-default\" data-id=\"0c595a3\" data-element_type=\"section\">\n\t\t\t\t\t\t<div class=\"elementor-container elementor-column-gap-default\">\n\t\t\t\t\t<div class=\"elementor-column elementor-col-100 elementor-top-column elementor-element elementor-element-65f9a0c\" data-id=\"65f9a0c\" data-element_type=\"column\">\n\t\t\t<div class=\"elementor-widget-wrap elementor-element-populated\">\n\t\t\t\t\t\t\t\t<div class=\"elementor-element elementor-element-0f9c8ac elementor-widget elementor-widget-image\" data-id=\"0f9c8ac\" data-element_type=\"widget\" data-widget_type=\"image.default\">\n\t\t\t\t<div class=\"elementor-widget-container\">\n\t\t\t\t\t\t\t\t\t\t\t\t\t\t\t<img width=\"768\" height=\"493\" src=\"http:\/\/pk-legal.pl\/wp-content\/uploads\/2021\/06\/18-768x493.jpg\" class=\"attachment-medium_large size-medium_large\" alt=\"kredyty frankowe radca prawny Szczecin\" loading=\"lazy\" srcset=\"http:\/\/pk-legal.pl\/wp-content\/uploads\/2021\/06\/18-768x493.jpg 768w, http:\/\/pk-legal.pl\/wp-content\/uploads\/2021\/06\/18-300x193.jpg 300w, http:\/\/pk-legal.pl\/wp-content\/uploads\/2021\/06\/18-1024x658.jpg 1024w, http:\/\/pk-legal.pl\/wp-content\/uploads\/2021\/06\/18-1536x986.jpg 1536w, http:\/\/pk-legal.pl\/wp-content\/uploads\/2021\/06\/18.jpg 1920w\" sizes=\"(max-width: 768px) 100vw, 768px\" \/>\t\t\t\t\t\t\t\t\t\t\t\t\t\t\t<\/div>\n\t\t\t\t<\/div>\n\t\t\t\t\t<\/div>\n\t\t<\/div>\n\t\t\t\t\t\t\t<\/div>\n\t\t<\/section>\n\t\t\t\t<section class=\"elementor-section elementor-top-section elementor-element elementor-element-668622c elementor-section-boxed elementor-section-height-default elementor-section-height-default\" data-id=\"668622c\" data-element_type=\"section\">\n\t\t\t\t\t\t<div class=\"elementor-container elementor-column-gap-default\">\n\t\t\t\t\t<div class=\"elementor-column elementor-col-100 elementor-top-column elementor-element elementor-element-7a561ba\" data-id=\"7a561ba\" data-element_type=\"column\">\n\t\t\t<div class=\"elementor-widget-wrap elementor-element-populated\">\n\t\t\t\t\t\t\t\t<div class=\"elementor-element elementor-element-29c7d26 elementor-widget elementor-widget-text-editor\" data-id=\"29c7d26\" data-element_type=\"widget\" data-widget_type=\"text-editor.default\">\n\t\t\t\t<div class=\"elementor-widget-container\">\n\t\t\t\t\t\t\t\t<p>Kancelaria \u015bwiadczy us\u0142ugi zwi\u0105zane z post\u0119powaniem w sprawach tak zwanych <strong>kredyt\u00f3w frankowych<\/strong>. Przede wszystkim, zale\u017cy nam na sprawnym i rzetelnym za\u0142atwieniu spraw naszych Klient\u00f3w, kt\u00f3rzy z r\u00f3\u017cnych powod\u00f3w odczuwaj\u0105 ch\u0119\u0107 <strong>odwalutowania lub uniewa\u017cnienia kredyt\u00f3w zawartych w walucie CHF<\/strong> (frank szwajcarski).<\/p>\t\t\t\t\t\t<\/div>\n\t\t\t\t<\/div>\n\t\t\t\t\t<\/div>\n\t\t<\/div>\n\t\t\t\t\t\t\t<\/div>\n\t\t<\/section>\n\t\t\t\t<section class=\"elementor-section elementor-top-section elementor-element elementor-element-e6eb896 elementor-section-boxed elementor-section-height-default elementor-section-height-default\" data-id=\"e6eb896\" data-element_type=\"section\">\n\t\t\t\t\t\t<div class=\"elementor-container elementor-column-gap-default\">\n\t\t\t\t\t<div class=\"elementor-column elementor-col-100 elementor-top-column elementor-element elementor-element-eddd6a4\" data-id=\"eddd6a4\" data-element_type=\"column\">\n\t\t\t<div class=\"elementor-widget-wrap elementor-element-populated\">\n\t\t\t\t\t\t\t\t<div class=\"elementor-element elementor-element-cc15978 elementor-widget elementor-widget-text-editor\" data-id=\"cc15978\" data-element_type=\"widget\" data-widget_type=\"text-editor.default\">\n\t\t\t\t<div class=\"elementor-widget-container\">\n\t\t\t\t\t\t\t\t<p>Ka\u017cdorazowo, d\u0105\u017cymy do pozytywnego zako\u0144czenia spraw Klient\u00f3w w sprawach um\u00f3w trwaj\u0105cych, zako\u0144czonych poprzez sp\u0142at\u0119 kredytu oraz tych, w sprawie kt\u00f3rych bank skierowa\u0142 spraw\u0119 do s\u0105du w zwi\u0105zku z wcze\u015bniejszym z\u0142o\u017ceniem wypowiedzenia.<\/p>\t\t\t\t\t\t<\/div>\n\t\t\t\t<\/div>\n\t\t\t\t\t<\/div>\n\t\t<\/div>\n\t\t\t\t\t\t\t<\/div>\n\t\t<\/section>\n\t\t\t\t<section class=\"elementor-section elementor-top-section elementor-element elementor-element-b8573f3 elementor-section-boxed elementor-section-height-default elementor-section-height-default\" data-id=\"b8573f3\" data-element_type=\"section\">\n\t\t\t\t\t\t<div class=\"elementor-container elementor-column-gap-default\">\n\t\t\t\t\t<div class=\"elementor-column elementor-col-100 elementor-top-column elementor-element elementor-element-0d87faf\" data-id=\"0d87faf\" data-element_type=\"column\">\n\t\t\t<div class=\"elementor-widget-wrap elementor-element-populated\">\n\t\t\t\t\t\t\t\t<div class=\"elementor-element elementor-element-cb65d0f elementor-widget elementor-widget-text-editor\" data-id=\"cb65d0f\" data-element_type=\"widget\" data-widget_type=\"text-editor.default\">\n\t\t\t\t<div class=\"elementor-widget-container\">\n\t\t\t\t\t\t\t\t<p>Nasz\u0105 obs\u0142ug\u0119 w sprawach <strong>kredyt\u00f3w frankowych<\/strong>, \u015bwiadczymy r\u00f3wnie\u017c w zakresie:<\/p>\t\t\t\t\t\t<\/div>\n\t\t\t\t<\/div>\n\t\t\t\t\t<\/div>\n\t\t<\/div>\n\t\t\t\t\t\t\t<\/div>\n\t\t<\/section>\n\t\t\t\t<section class=\"elementor-section elementor-top-section elementor-element elementor-element-07a6c78 elementor-section-boxed elementor-section-height-default elementor-section-height-default\" data-id=\"07a6c78\" data-element_type=\"section\">\n\t\t\t\t\t\t<div class=\"elementor-container elementor-column-gap-default\">\n\t\t\t\t\t<div class=\"elementor-column elementor-col-100 elementor-top-column elementor-element elementor-element-41d7af1\" data-id=\"41d7af1\" data-element_type=\"column\">\n\t\t\t<div class=\"elementor-widget-wrap elementor-element-populated\">\n\t\t\t\t\t\t\t\t<div class=\"elementor-element elementor-element-04fe028 elementor-widget elementor-widget-text-editor\" data-id=\"04fe028\" data-element_type=\"widget\" data-widget_type=\"text-editor.default\">\n\t\t\t\t<div class=\"elementor-widget-container\">\n\t\t\t\t\t\t\t\t<ul><li style=\"text-align: justify;\">oceny, sprawdzania i opiniowania <strong>um\u00f3w o kredyt frankowy<\/strong>,<\/li><li style=\"text-align: justify;\">analizy sytuacji, w celu okre\u015blenia mo\u017cliwych rozwi\u0105za\u0144 oraz prognozy powodzenia sprawy, a tak\u017ce ustalenia odpowiedniej strategii <strong>dzia\u0142ania przed bankiem<\/strong>, organami administracji publicznej oraz s\u0105dami,<\/li><li style=\"text-align: justify;\">pe\u0142nej reprezentacji na ka\u017cdym etapie post\u0119powania \u2013\u00a0 przeds\u0105dowym, s\u0105dowym oraz egzekucyjnym.<\/li><\/ul>\t\t\t\t\t\t<\/div>\n\t\t\t\t<\/div>\n\t\t\t\t\t<\/div>\n\t\t<\/div>\n\t\t\t\t\t\t\t<\/div>\n\t\t<\/section>\n\t\t\t\t<section class=\"elementor-section elementor-top-section elementor-element elementor-element-29801ad elementor-section-boxed elementor-section-height-default elementor-section-height-default\" data-id=\"29801ad\" data-element_type=\"section\">\n\t\t\t\t\t\t<div class=\"elementor-container elementor-column-gap-default\">\n\t\t\t\t\t<div class=\"elementor-column elementor-col-100 elementor-top-column elementor-element elementor-element-a25e2b1\" data-id=\"a25e2b1\" data-element_type=\"column\">\n\t\t\t<div class=\"elementor-widget-wrap elementor-element-populated\">\n\t\t\t\t\t\t\t\t<div class=\"elementor-element elementor-element-3fc3016 elementor-widget elementor-widget-text-editor\" data-id=\"3fc3016\" data-element_type=\"widget\" data-widget_type=\"text-editor.default\">\n\t\t\t\t<div class=\"elementor-widget-container\">\n\t\t\t\t\t\t\t\t<p>Niezale\u017cnie od tego czy mamy do czynienia z <strong>kredytem indeksowanym<\/strong> czy <strong>kredytem denominowanym<\/strong>, prowadzimy spraw\u0119 tak, aby wskaza\u0107 wyst\u0119puj\u0105ce w umowie klauzule za niedozwolone, kt\u00f3re tym samym <strong>nie wywo\u0142uj\u0105 skutk\u00f3w prawnych<\/strong> i poprawiaj\u0105 sytuacj\u0119 Klienta w sporze z bankiem, a tak\u017ce inne wady prawne tej umowy mog\u0105ce skutkowa\u0107 uznaniem jej za niewa\u017cn\u0105<\/p>\t\t\t\t\t\t<\/div>\n\t\t\t\t<\/div>\n\t\t\t\t\t<\/div>\n\t\t<\/div>\n\t\t\t\t\t\t\t<\/div>\n\t\t<\/section>\n\t\t\t\t<section class=\"elementor-section elementor-top-section elementor-element elementor-element-7872f9c elementor-section-boxed elementor-section-height-default elementor-section-height-default\" data-id=\"7872f9c\" data-element_type=\"section\">\n\t\t\t\t\t\t<div class=\"elementor-container elementor-column-gap-default\">\n\t\t\t\t\t<div class=\"elementor-column elementor-col-100 elementor-top-column elementor-element elementor-element-c12c750\" data-id=\"c12c750\" data-element_type=\"column\">\n\t\t\t<div class=\"elementor-widget-wrap elementor-element-populated\">\n\t\t\t\t\t\t\t\t<div class=\"elementor-element elementor-element-77e07b9 elementor-widget elementor-widget-text-editor\" data-id=\"77e07b9\" data-element_type=\"widget\" data-widget_type=\"text-editor.default\">\n\t\t\t\t<div class=\"elementor-widget-container\">\n\t\t\t\t\t\t\t\t<p>Bez w\u0105tpienia nasi specjali\u015bci w Kancelarii PK Legal obejm\u0105 Pa\u0144stwa nale\u017cycie profesjonaln\u0105 i indywidualn\u0105 <strong>opiek\u0105 prawn\u0105 w zakresie um\u00f3w frankowych<\/strong>, aby najskuteczniej wyeliminowa\u0107 <strong>nieuczciwe postanowienia umowne<\/strong> oraz w mo\u017cliwie najszybszym czasie, doprowadzi\u0107 do zako\u0144czenia sprawy po Pa\u0144stwa my\u015bli.<\/p>\t\t\t\t\t\t<\/div>\n\t\t\t\t<\/div>\n\t\t\t\t\t<\/div>\n\t\t<\/div>\n\t\t\t\t\t\t\t<\/div>\n\t\t<\/section>\n\t\t\t\t<section class=\"elementor-section elementor-top-section elementor-element elementor-element-5e0725d elementor-section-boxed elementor-section-height-default elementor-section-height-default\" data-id=\"5e0725d\" data-element_type=\"section\">\n\t\t\t\t\t\t<div class=\"elementor-container elementor-column-gap-default\">\n\t\t\t\t\t<div class=\"elementor-column elementor-col-100 elementor-top-column elementor-element elementor-element-c620dfd\" data-id=\"c620dfd\" data-element_type=\"column\">\n\t\t\t<div class=\"elementor-widget-wrap elementor-element-populated\">\n\t\t\t\t\t\t\t\t<div class=\"elementor-element elementor-element-5c06438 elementor-widget elementor-widget-text-editor\" data-id=\"5c06438\" data-element_type=\"widget\" data-widget_type=\"text-editor.default\">\n\t\t\t\t<div class=\"elementor-widget-container\">\n\t\t\t\t\t\t\t\t<p><strong>Zapraszamy do zapoznania si\u0119 z <a href=\"http:\/\/pk-legal.pl\/category\/artykuly\/kredyty-frankowe\/\">publikacjami<\/a> Kancelarii na temat kredyt\u00f3w frankowych<\/strong><strong>\u00a0oraz do <a href=\"http:\/\/pk-legal.pl\/kontakt\/\">kontaktu<\/a> z Kancelari\u0105.<\/strong><\/p>\t\t\t\t\t\t<\/div>\n\t\t\t\t<\/div>\n\t\t\t\t\t<\/div>\n\t\t<\/div>\n\t\t\t\t\t\t\t<\/div>\n\t\t<\/section>\n\t\t\t\t\t\t<\/div>\n\t\t\t\t\t<\/div>\n\t\t","protected":false},"excerpt":{"rendered":"<p>Kancelaria \u015bwiadczy us\u0142ugi zwi\u0105zane z post\u0119powaniem w sprawach tak zwanych kredyt\u00f3w frankowych. Przede wszystkim, zale\u017cy nam na sprawnym i rzetelnym za\u0142atwieniu spraw naszych Klient\u00f3w, kt\u00f3rzy z r\u00f3\u017cnych powod\u00f3w odczuwaj\u0105 ch\u0119\u0107 odwalutowania lub uniewa\u017cnienia kredyt\u00f3w zawartych w walucie CHF (frank szwajcarski). Ka\u017cdorazowo, d\u0105\u017cymy do pozytywnego zako\u0144czenia spraw Klient\u00f3w w sprawach um\u00f3w trwaj\u0105cych, zako\u0144czonych poprzez sp\u0142at\u0119 kredytu [&hellip;]<\/p>\n","protected":false},"author":1,"featured_media":0,"parent":0,"menu_order":0,"comment_status":"closed","ping_status":"closed","template":"page-full.php","meta":[],"_links":{"self":[{"href":"http:\/\/pk-legal.pl\/en\/wp-json\/wp\/v2\/pages\/1283"}],"collection":[{"href":"http:\/\/pk-legal.pl\/en\/wp-json\/wp\/v2\/pages"}],"about":[{"href":"http:\/\/pk-legal.pl\/en\/wp-json\/wp\/v2\/types\/page"}],"author":[{"embeddable":true,"href":"http:\/\/pk-legal.pl\/en\/wp-json\/wp\/v2\/users\/1"}],"replies":[{"embeddable":true,"href":"http:\/\/pk-legal.pl\/en\/wp-json\/wp\/v2\/comments?post=1283"}],"version-history":[{"count":13,"href":"http:\/\/pk-legal.pl\/en\/wp-json\/wp\/v2\/pages\/1283\/revisions"}],"predecessor-version":[{"id":1658,"href":"http:\/\/pk-legal.pl\/en\/wp-json\/wp\/v2\/pages\/1283\/revisions\/1658"}],"wp:attachment":[{"href":"http:\/\/pk-legal.pl\/en\/wp-json\/wp\/v2\/media?parent=1283"}],"curies":[{"name":"wp","href":"https:\/\/api.w.org\/{rel}","templated":true}]}}