{"id":1286,"date":"2020-06-12T18:30:54","date_gmt":"2020-06-12T16:30:54","guid":{"rendered":"http:\/\/pk-legal.pl\/?page_id=1286"},"modified":"2021-06-14T19:38:41","modified_gmt":"2021-06-14T17:38:41","slug":"prawo-egzekucyjne","status":"publish","type":"page","link":"http:\/\/pk-legal.pl\/en\/prawo-egzekucyjne\/","title":{"rendered":"Prawo egzekucyjne"},"content":{"rendered":"\t\t<div data-elementor-type=\"wp-page\" data-elementor-id=\"1286\" class=\"elementor elementor-1286\" data-elementor-settings=\"[]\">\n\t\t\t\t\t\t\t<div class=\"elementor-section-wrap\">\n\t\t\t\t\t\t\t<section class=\"elementor-section elementor-top-section elementor-element elementor-element-288d4d2 elementor-section-boxed elementor-section-height-default elementor-section-height-default\" data-id=\"288d4d2\" data-element_type=\"section\">\n\t\t\t\t\t\t<div class=\"elementor-container elementor-column-gap-default\">\n\t\t\t\t\t<div class=\"elementor-column elementor-col-100 elementor-top-column elementor-element elementor-element-7c3408f\" data-id=\"7c3408f\" data-element_type=\"column\">\n\t\t\t<div class=\"elementor-widget-wrap elementor-element-populated\">\n\t\t\t\t\t\t\t\t<div class=\"elementor-element elementor-element-d4be7d0 elementor-widget elementor-widget-image\" data-id=\"d4be7d0\" data-element_type=\"widget\" data-widget_type=\"image.default\">\n\t\t\t\t<div class=\"elementor-widget-container\">\n\t\t\t\t\t\t\t\t\t\t\t\t\t\t\t<img width=\"960\" height=\"332\" src=\"http:\/\/pk-legal.pl\/wp-content\/uploads\/2021\/06\/9-960x332.jpg\" class=\"attachment-featured-image1 size-featured-image1\" alt=\"egezkucje porady prawne Szczecin\" loading=\"lazy\" \/>\t\t\t\t\t\t\t\t\t\t\t\t\t\t\t<\/div>\n\t\t\t\t<\/div>\n\t\t\t\t\t<\/div>\n\t\t<\/div>\n\t\t\t\t\t\t\t<\/div>\n\t\t<\/section>\n\t\t\t\t<section class=\"elementor-section elementor-top-section elementor-element elementor-element-2ef6203 elementor-section-boxed elementor-section-height-default elementor-section-height-default\" data-id=\"2ef6203\" data-element_type=\"section\">\n\t\t\t\t\t\t<div class=\"elementor-container elementor-column-gap-default\">\n\t\t\t\t\t<div class=\"elementor-column elementor-col-100 elementor-top-column elementor-element elementor-element-49fc7cb\" data-id=\"49fc7cb\" data-element_type=\"column\">\n\t\t\t<div class=\"elementor-widget-wrap elementor-element-populated\">\n\t\t\t\t\t\t\t\t<div class=\"elementor-element elementor-element-3e6390b elementor-widget elementor-widget-text-editor\" data-id=\"3e6390b\" data-element_type=\"widget\" data-widget_type=\"text-editor.default\">\n\t\t\t\t<div class=\"elementor-widget-container\">\n\t\t\t\t\t\t\t\t<p>W Kancelarii PK Legal od wielu lat \u015bwiadczymy <strong>us\u0142ugi prawne<\/strong> zwi\u0105zane z <strong>prowadzeniem spraw egzekucyjnych<\/strong>, zar\u00f3wno tych <strong>s\u0105dowych<\/strong> jak i <strong>administracyjnych<\/strong>. Polskie przepisy prawa przyznaj\u0105 wiele mo\u017cliwo\u015bci do skutecznej realizacji praw d\u0142u\u017cnik\u00f3w oraz wierzycieli. Dlatego jeste\u015bmy w stanie nale\u017cycie <strong>reprezentowa\u0107 d\u0142u\u017cnika<\/strong>, przeciwko kt\u00f3remu wszcz\u0119to <strong>post\u0119powanie z urz\u0119du<\/strong> lub na <strong>wniosek wierzyciela<\/strong>, jak i <strong>wierzyciela<\/strong>, kt\u00f3ry wszcz\u0105\u0142 lub planuje wszcz\u0105\u0107 <strong>post\u0119powanie przeciwko d\u0142u\u017cnikowi<\/strong>.<\/p>\t\t\t\t\t\t<\/div>\n\t\t\t\t<\/div>\n\t\t\t\t\t<\/div>\n\t\t<\/div>\n\t\t\t\t\t\t\t<\/div>\n\t\t<\/section>\n\t\t\t\t<section class=\"elementor-section elementor-top-section elementor-element elementor-element-3fbf3e9 elementor-section-boxed elementor-section-height-default elementor-section-height-default\" data-id=\"3fbf3e9\" data-element_type=\"section\">\n\t\t\t\t\t\t<div class=\"elementor-container elementor-column-gap-default\">\n\t\t\t\t\t<div class=\"elementor-column elementor-col-100 elementor-top-column elementor-element elementor-element-914eaf2\" data-id=\"914eaf2\" data-element_type=\"column\">\n\t\t\t<div class=\"elementor-widget-wrap elementor-element-populated\">\n\t\t\t\t\t\t\t\t<div class=\"elementor-element elementor-element-c81100c elementor-widget elementor-widget-text-editor\" data-id=\"c81100c\" data-element_type=\"widget\" data-widget_type=\"text-editor.default\">\n\t\t\t\t<div class=\"elementor-widget-container\">\n\t\t\t\t\t\t\t\t<p>W pomocy d\u0142u\u017cnikom, gwarantujemy przede wszystkim:<\/p>\t\t\t\t\t\t<\/div>\n\t\t\t\t<\/div>\n\t\t\t\t\t<\/div>\n\t\t<\/div>\n\t\t\t\t\t\t\t<\/div>\n\t\t<\/section>\n\t\t\t\t<section class=\"elementor-section elementor-top-section elementor-element elementor-element-281078e elementor-section-boxed elementor-section-height-default elementor-section-height-default\" data-id=\"281078e\" data-element_type=\"section\">\n\t\t\t\t\t\t<div class=\"elementor-container elementor-column-gap-default\">\n\t\t\t\t\t<div class=\"elementor-column elementor-col-100 elementor-top-column elementor-element elementor-element-1edcb3f\" data-id=\"1edcb3f\" data-element_type=\"column\">\n\t\t\t<div class=\"elementor-widget-wrap elementor-element-populated\">\n\t\t\t\t\t\t\t\t<div class=\"elementor-element elementor-element-ccf599f elementor-widget elementor-widget-text-editor\" data-id=\"ccf599f\" data-element_type=\"widget\" data-widget_type=\"text-editor.default\">\n\t\t\t\t<div class=\"elementor-widget-container\">\n\t\t\t\t\t\t\t\t<ul>\n<li>zapewnienie <strong>ochrony prawnej d\u0142u\u017cnika<\/strong> w czasie trwania <strong>post\u0119powania egzekucyjnego, <\/strong><\/li>\n<li>skuteczne wykorzystywanie \u015brodk\u00f3w prawnych w celu <strong>ochrony przed egzekucj\u0105<\/strong>: pow\u00f3dztwo przeciwegzekucyjne, skarga na czynno\u015bci komornika, skarga na opis i oszacowanie nieruchomo\u015bci, pow\u00f3dztwo o naprawienie szkody oraz inne \u015brodki prawnej obrony,<\/li>\n<li>sporz\u0105dzanie oraz wnoszenie \u015brodk\u00f3w odwo\u0142awczych od wyrok\u00f3w i nakaz\u00f3w zap\u0142aty, a tak\u017ce postanowie\u0144,<\/li>\n<li><strong>pe\u0142na reprezentacja<\/strong> Klienta przed s\u0105dami powszechnymi, administracyjnymi, komornikami i innymi podmiotami administracji publicznej, je\u015bli tego wymaga sprawa.<\/li>\n<\/ul>\t\t\t\t\t\t<\/div>\n\t\t\t\t<\/div>\n\t\t\t\t\t<\/div>\n\t\t<\/div>\n\t\t\t\t\t\t\t<\/div>\n\t\t<\/section>\n\t\t\t\t<section class=\"elementor-section elementor-top-section elementor-element elementor-element-399049d elementor-section-boxed elementor-section-height-default elementor-section-height-default\" data-id=\"399049d\" data-element_type=\"section\">\n\t\t\t\t\t\t<div class=\"elementor-container elementor-column-gap-default\">\n\t\t\t\t\t<div class=\"elementor-column elementor-col-100 elementor-top-column elementor-element elementor-element-6826073\" data-id=\"6826073\" data-element_type=\"column\">\n\t\t\t<div class=\"elementor-widget-wrap elementor-element-populated\">\n\t\t\t\t\t\t\t\t<div class=\"elementor-element elementor-element-038a0aa elementor-widget elementor-widget-text-editor\" data-id=\"038a0aa\" data-element_type=\"widget\" data-widget_type=\"text-editor.default\">\n\t\t\t\t<div class=\"elementor-widget-container\">\n\t\t\t\t\t\t\t\t<p>Wspieraj\u0105c wierzycieli, gwarantujemy przede wszystkim:<\/p>\t\t\t\t\t\t<\/div>\n\t\t\t\t<\/div>\n\t\t\t\t\t<\/div>\n\t\t<\/div>\n\t\t\t\t\t\t\t<\/div>\n\t\t<\/section>\n\t\t\t\t<section class=\"elementor-section elementor-top-section elementor-element elementor-element-730f6a3 elementor-section-boxed elementor-section-height-default elementor-section-height-default\" data-id=\"730f6a3\" data-element_type=\"section\">\n\t\t\t\t\t\t<div class=\"elementor-container elementor-column-gap-default\">\n\t\t\t\t\t<div class=\"elementor-column elementor-col-100 elementor-top-column elementor-element elementor-element-a4f9f9a\" data-id=\"a4f9f9a\" data-element_type=\"column\">\n\t\t\t<div class=\"elementor-widget-wrap elementor-element-populated\">\n\t\t\t\t\t\t\t\t<div class=\"elementor-element elementor-element-9a47a69 elementor-widget elementor-widget-text-editor\" data-id=\"9a47a69\" data-element_type=\"widget\" data-widget_type=\"text-editor.default\">\n\t\t\t\t<div class=\"elementor-widget-container\">\n\t\t\t\t\t\t\t\t<ul>\n<li>zapewnienie <strong>ochrony prawnej wierzyciela<\/strong> w czasie trwania <strong>post\u0119powania egzekucyjnego, <\/strong><\/li>\n<li>skuteczne sporz\u0105dzanie oraz sk\u0142adanie wniosk\u00f3w i pism do s\u0105d\u00f3w oraz komornik\u00f3w,<\/li>\n<li>inicjacj\u0119 post\u0119powania egzekucyjnego przeciwko d\u0142u\u017cnikowi, poprzez skierowanie do s\u0105du <strong>wniosku o wszcz\u0119cie egzekucji<\/strong>,<\/li>\n<li>sporz\u0105dzenie i wniesienie tzw. <strong>skargi paulia\u0144skiej<\/strong> oraz wykorzystanie innych <strong>\u015brodk\u00f3w prawnej ochrony wierzyciela.<\/strong><\/li>\n<\/ul>\t\t\t\t\t\t<\/div>\n\t\t\t\t<\/div>\n\t\t\t\t\t<\/div>\n\t\t<\/div>\n\t\t\t\t\t\t\t<\/div>\n\t\t<\/section>\n\t\t\t\t<section class=\"elementor-section elementor-top-section elementor-element elementor-element-eec0d9a elementor-section-boxed elementor-section-height-default elementor-section-height-default\" data-id=\"eec0d9a\" data-element_type=\"section\">\n\t\t\t\t\t\t<div class=\"elementor-container elementor-column-gap-default\">\n\t\t\t\t\t<div class=\"elementor-column elementor-col-100 elementor-top-column elementor-element elementor-element-a3c909a\" data-id=\"a3c909a\" data-element_type=\"column\">\n\t\t\t<div class=\"elementor-widget-wrap elementor-element-populated\">\n\t\t\t\t\t\t\t\t<div class=\"elementor-element elementor-element-48202a0 elementor-widget elementor-widget-text-editor\" data-id=\"48202a0\" data-element_type=\"widget\" data-widget_type=\"text-editor.default\">\n\t\t\t\t<div class=\"elementor-widget-container\">\n\t\t\t\t\t\t\t\t<p>W zwi\u0105zku z wieloletni\u0105 praktyk\u0105 w s\u0105dach, zapewniamy skuteczn\u0105 i profesjonaln\u0105 obs\u0142ug\u0119 naszych Klient\u00f3w, kt\u00f3rzy potrzebuj\u0105 pomocy w zakresie post\u0119powania egzekucyjnego, niezale\u017cnie od charakteru w jakim w nim wyst\u0119puj\u0105 (d\u0142u\u017cnik czy wierzyciel).<\/p>\t\t\t\t\t\t<\/div>\n\t\t\t\t<\/div>\n\t\t\t\t\t<\/div>\n\t\t<\/div>\n\t\t\t\t\t\t\t<\/div>\n\t\t<\/section>\n\t\t\t\t<section class=\"elementor-section elementor-top-section elementor-element elementor-element-056e53d elementor-section-boxed elementor-section-height-default elementor-section-height-default\" data-id=\"056e53d\" data-element_type=\"section\">\n\t\t\t\t\t\t<div class=\"elementor-container elementor-column-gap-default\">\n\t\t\t\t\t<div class=\"elementor-column elementor-col-100 elementor-top-column elementor-element elementor-element-7695107\" data-id=\"7695107\" data-element_type=\"column\">\n\t\t\t<div class=\"elementor-widget-wrap elementor-element-populated\">\n\t\t\t\t\t\t\t\t<div class=\"elementor-element elementor-element-4930407 elementor-widget elementor-widget-text-editor\" data-id=\"4930407\" data-element_type=\"widget\" data-widget_type=\"text-editor.default\">\n\t\t\t\t<div class=\"elementor-widget-container\">\n\t\t\t\t\t\t\t\t<p><strong>Zapraszamy do <a href=\"http:\/\/pk-legal.pl\/kontakt\/\">kontaktu<\/a><\/strong><\/p>\t\t\t\t\t\t<\/div>\n\t\t\t\t<\/div>\n\t\t\t\t\t<\/div>\n\t\t<\/div>\n\t\t\t\t\t\t\t<\/div>\n\t\t<\/section>\n\t\t\t\t\t\t<\/div>\n\t\t\t\t\t<\/div>\n\t\t","protected":false},"excerpt":{"rendered":"<p>W Kancelarii PK Legal od wielu lat \u015bwiadczymy us\u0142ugi prawne zwi\u0105zane z prowadzeniem spraw egzekucyjnych, zar\u00f3wno tych s\u0105dowych jak i administracyjnych. Polskie przepisy prawa przyznaj\u0105 wiele mo\u017cliwo\u015bci do skutecznej realizacji praw d\u0142u\u017cnik\u00f3w oraz wierzycieli. Dlatego jeste\u015bmy w stanie nale\u017cycie reprezentowa\u0107 d\u0142u\u017cnika, przeciwko kt\u00f3remu wszcz\u0119to post\u0119powanie z urz\u0119du lub na wniosek wierzyciela, jak i wierzyciela, kt\u00f3ry [&hellip;]<\/p>\n","protected":false},"author":1,"featured_media":0,"parent":0,"menu_order":0,"comment_status":"closed","ping_status":"closed","template":"page-full.php","meta":[],"_links":{"self":[{"href":"http:\/\/pk-legal.pl\/en\/wp-json\/wp\/v2\/pages\/1286"}],"collection":[{"href":"http:\/\/pk-legal.pl\/en\/wp-json\/wp\/v2\/pages"}],"about":[{"href":"http:\/\/pk-legal.pl\/en\/wp-json\/wp\/v2\/types\/page"}],"author":[{"embeddable":true,"href":"http:\/\/pk-legal.pl\/en\/wp-json\/wp\/v2\/users\/1"}],"replies":[{"embeddable":true,"href":"http:\/\/pk-legal.pl\/en\/wp-json\/wp\/v2\/comments?post=1286"}],"version-history":[{"count":7,"href":"http:\/\/pk-legal.pl\/en\/wp-json\/wp\/v2\/pages\/1286\/revisions"}],"predecessor-version":[{"id":1388,"href":"http:\/\/pk-legal.pl\/en\/wp-json\/wp\/v2\/pages\/1286\/revisions\/1388"}],"wp:attachment":[{"href":"http:\/\/pk-legal.pl\/en\/wp-json\/wp\/v2\/media?parent=1286"}],"curies":[{"name":"wp","href":"https:\/\/api.w.org\/{rel}","templated":true}]}}